{"id":101,"date":"2021-02-07T17:37:21","date_gmt":"2021-02-07T17:37:21","guid":{"rendered":"http:\/\/veto-bar-heiligenstadt.de\/?page_id=101"},"modified":"2021-02-14T13:30:05","modified_gmt":"2021-02-14T13:30:05","slug":"veto-bar-2","status":"publish","type":"page","link":"https:\/\/veto-bar-heiligenstadt.de\/","title":{"rendered":"Veto Bar"},"content":{"rendered":"\n<p class=\"has-text-align-center has-vivid-cyan-blue-color has-text-color\" style=\"font-size:26px\"><strong>Willkommen in unserer Vetobar. Seit 2020 d\u00fcrfen wir Ihnen diese au\u00dfergew\u00f6hnliche Bar pr\u00e4sentieren . Eine Bar wo die Liebe zum Detail eine gro\u00dfe Rolle spielt. Hier ist alles von eigener Hand verarbeitet worden, deshalb liegt es uns besonders am Herzen, das Sie hier einen Ort finden um einen sch\u00f6nen Abend zu verbringen, auf Ihren Hochzeitstag anzusto\u00dfen oder mit Freunden einfach ein fantastischen Abend ausklingen zu lassen.<\/strong> <strong>Lassen Sie sich von uns verw\u00f6hnen.<\/strong> <\/p>\n\n\n\n<p class=\"has-text-align-center has-vivid-cyan-blue-color has-text-color\"><strong>Tastings und Workshops k\u00f6nnen auch in der Woche statt finden, gerne k\u00f6nnen Sie auch Anfragen stellen f\u00fcr Cocktailworkshop f\u00fcr eine Weihnachtsfeier  oder oder oder&#8230;&#8230;<\/strong><\/p>\n\n\n\n<p class=\"has-text-align-center has-vivid-cyan-blue-color has-text-color\"><strong>\u00d6ffnungszeiten:<\/strong><\/p>\n\n\n\n<p class=\"has-text-align-center has-vivid-cyan-blue-color has-text-color\"><strong>Freitag : 19.30 -1.00 Uhr<\/strong><\/p>\n\n\n\n<p class=\"has-text-align-center has-vivid-cyan-blue-color has-text-color\"><strong>Samstag: 19.30 -1.00 Uhr<\/strong><\/p>\n\n\n\n<p class=\"has-text-align-center has-vivid-cyan-blue-color has-text-color\"><strong>Es ist m\u00f6glich das die Bar leider am Wochenende auch mal geschlossen ist, abh\u00e4ngig von Gro\u00dfveranstaltungen in unserer Tiki Bar, gerne k\u00f6nnen Sie das telefonisch ( 03606\/612250) oder \u00fcber Kontaktformular erfahren.<\/strong><\/p>\n","protected":false},"excerpt":{"rendered":"<p>Willkommen in unserer Vetobar. Seit 2020 d\u00fcrfen wir Ihnen diese au\u00dfergew\u00f6hnliche Bar pr\u00e4sentieren . Eine Bar wo die Liebe zum Detail eine gro\u00dfe Rolle spielt. Hier ist alles von eigener Hand verarbeitet worden, deshalb liegt es uns besonders am Herzen, das Sie hier einen Ort finden um einen sch\u00f6nen Abend zu verbringen, auf Ihren Hochzeitstag <a href=\"https:\/\/veto-bar-heiligenstadt.de\/\" class=\"more-link\">[&hellip;]<\/a><\/p>\n","protected":false},"author":1,"featured_media":69,"parent":0,"menu_order":0,"comment_status":"closed","ping_status":"closed","template":"templates\/menu-page.php","meta":[],"yoast_head":"<!-- This site is optimized with the Yoast SEO plugin v20.12 - https:\/\/yoast.com\/wordpress\/plugins\/seo\/ -->\n<title>Veto Bar - VETO BAR Heiligenstadt<\/title>\n<meta name=\"robots\" content=\"index, follow, max-snippet:-1, max-image-preview:large, max-video-preview:-1\" \/>\n<link rel=\"canonical\" href=\"https:\/\/veto-bar-heiligenstadt.de\/\" \/>\n<meta property=\"og:locale\" content=\"de_DE\" \/>\n<meta property=\"og:type\" content=\"article\" \/>\n<meta property=\"og:title\" content=\"Veto Bar - VETO BAR Heiligenstadt\" \/>\n<meta property=\"og:description\" content=\"Willkommen in unserer Vetobar. Seit 2020 d\u00fcrfen wir Ihnen diese au\u00dfergew\u00f6hnliche Bar pr\u00e4sentieren . Eine Bar wo die Liebe zum Detail eine gro\u00dfe Rolle spielt. Hier ist alles von eigener Hand verarbeitet worden, deshalb liegt es uns besonders am Herzen, das Sie hier einen Ort finden um einen sch\u00f6nen Abend zu verbringen, auf Ihren Hochzeitstag [&hellip;]\" \/>\n<meta property=\"og:url\" content=\"https:\/\/veto-bar-heiligenstadt.de\/\" \/>\n<meta property=\"og:site_name\" content=\"VETO BAR Heiligenstadt\" \/>\n<meta property=\"article:modified_time\" content=\"2021-02-14T13:30:05+00:00\" \/>\n<meta property=\"og:image\" content=\"https:\/\/i0.wp.com\/veto-bar-heiligenstadt.de\/wp-content\/uploads\/2021\/02\/743FAA20-E663-4642-AD2C-5DEB582D6CC8.jpeg?fit=720%2C960&ssl=1\" \/>\n\t<meta property=\"og:image:width\" content=\"720\" \/>\n\t<meta property=\"og:image:height\" content=\"960\" \/>\n\t<meta property=\"og:image:type\" content=\"image\/jpeg\" \/>\n<meta name=\"twitter:card\" content=\"summary_large_image\" \/>\n<meta name=\"twitter:label1\" content=\"Gesch\u00e4tzte Lesezeit\" \/>\n\t<meta name=\"twitter:data1\" content=\"1 Minute\" \/>\n<script type=\"application\/ld+json\" class=\"yoast-schema-graph\">{\"@context\":\"https:\/\/schema.org\",\"@graph\":[{\"@type\":\"WebPage\",\"@id\":\"https:\/\/veto-bar-heiligenstadt.de\/\",\"url\":\"https:\/\/veto-bar-heiligenstadt.de\/\",\"name\":\"Veto Bar - VETO BAR Heiligenstadt\",\"isPartOf\":{\"@id\":\"https:\/\/veto-bar-heiligenstadt.de\/#website\"},\"datePublished\":\"2021-02-07T17:37:21+00:00\",\"dateModified\":\"2021-02-14T13:30:05+00:00\",\"breadcrumb\":{\"@id\":\"https:\/\/veto-bar-heiligenstadt.de\/#breadcrumb\"},\"inLanguage\":\"de-DE\",\"potentialAction\":[{\"@type\":\"ReadAction\",\"target\":[\"https:\/\/veto-bar-heiligenstadt.de\/\"]}]},{\"@type\":\"BreadcrumbList\",\"@id\":\"https:\/\/veto-bar-heiligenstadt.de\/#breadcrumb\",\"itemListElement\":[{\"@type\":\"ListItem\",\"position\":1,\"name\":\"Startseite\",\"item\":\"https:\/\/veto-bar-heiligenstadt.de\/\"},{\"@type\":\"ListItem\",\"position\":2,\"name\":\"Veto Bar\"}]},{\"@type\":\"WebSite\",\"@id\":\"https:\/\/veto-bar-heiligenstadt.de\/#website\",\"url\":\"https:\/\/veto-bar-heiligenstadt.de\/\",\"name\":\"VETO BAR Heiligenstadt\",\"description\":\"Unser neues Glanzst\u00fcck\",\"publisher\":{\"@id\":\"https:\/\/veto-bar-heiligenstadt.de\/#\/schema\/person\/fef2bc7736109d582f9fabfebd1e6ce4\"},\"potentialAction\":[{\"@type\":\"SearchAction\",\"target\":{\"@type\":\"EntryPoint\",\"urlTemplate\":\"https:\/\/veto-bar-heiligenstadt.de\/?s={search_term_string}\"},\"query-input\":\"required name=search_term_string\"}],\"inLanguage\":\"de-DE\"},{\"@type\":[\"Person\",\"Organization\"],\"@id\":\"https:\/\/veto-bar-heiligenstadt.de\/#\/schema\/person\/fef2bc7736109d582f9fabfebd1e6ce4\",\"name\":\"Verena\",\"image\":{\"@type\":\"ImageObject\",\"inLanguage\":\"de-DE\",\"@id\":\"https:\/\/veto-bar-heiligenstadt.de\/#\/schema\/person\/image\/\",\"url\":\"https:\/\/i0.wp.com\/veto-bar-heiligenstadt.de\/wp-content\/uploads\/2021\/02\/logo_veto_2-removebg-preview.png?fit=241%2C255&ssl=1\",\"contentUrl\":\"https:\/\/i0.wp.com\/veto-bar-heiligenstadt.de\/wp-content\/uploads\/2021\/02\/logo_veto_2-removebg-preview.png?fit=241%2C255&ssl=1\",\"width\":241,\"height\":255,\"caption\":\"Verena\"},\"logo\":{\"@id\":\"https:\/\/veto-bar-heiligenstadt.de\/#\/schema\/person\/image\/\"},\"sameAs\":[\"http:\/\/veto-bar-heiligenstadt.de\"]}]}<\/script>\n<!-- \/ Yoast SEO plugin. -->","yoast_head_json":{"title":"Veto Bar - VETO BAR Heiligenstadt","robots":{"index":"index","follow":"follow","max-snippet":"max-snippet:-1","max-image-preview":"max-image-preview:large","max-video-preview":"max-video-preview:-1"},"canonical":"https:\/\/veto-bar-heiligenstadt.de\/","og_locale":"de_DE","og_type":"article","og_title":"Veto Bar - VETO BAR Heiligenstadt","og_description":"Willkommen in unserer Vetobar. Seit 2020 d\u00fcrfen wir Ihnen diese au\u00dfergew\u00f6hnliche Bar pr\u00e4sentieren . Eine Bar wo die Liebe zum Detail eine gro\u00dfe Rolle spielt. Hier ist alles von eigener Hand verarbeitet worden, deshalb liegt es uns besonders am Herzen, das Sie hier einen Ort finden um einen sch\u00f6nen Abend zu verbringen, auf Ihren Hochzeitstag [&hellip;]","og_url":"https:\/\/veto-bar-heiligenstadt.de\/","og_site_name":"VETO BAR Heiligenstadt","article_modified_time":"2021-02-14T13:30:05+00:00","og_image":[{"width":720,"height":960,"url":"https:\/\/i0.wp.com\/veto-bar-heiligenstadt.de\/wp-content\/uploads\/2021\/02\/743FAA20-E663-4642-AD2C-5DEB582D6CC8.jpeg?fit=720%2C960&ssl=1","type":"image\/jpeg"}],"twitter_card":"summary_large_image","twitter_misc":{"Gesch\u00e4tzte Lesezeit":"1 Minute"},"schema":{"@context":"https:\/\/schema.org","@graph":[{"@type":"WebPage","@id":"https:\/\/veto-bar-heiligenstadt.de\/","url":"https:\/\/veto-bar-heiligenstadt.de\/","name":"Veto Bar - VETO BAR Heiligenstadt","isPartOf":{"@id":"https:\/\/veto-bar-heiligenstadt.de\/#website"},"datePublished":"2021-02-07T17:37:21+00:00","dateModified":"2021-02-14T13:30:05+00:00","breadcrumb":{"@id":"https:\/\/veto-bar-heiligenstadt.de\/#breadcrumb"},"inLanguage":"de-DE","potentialAction":[{"@type":"ReadAction","target":["https:\/\/veto-bar-heiligenstadt.de\/"]}]},{"@type":"BreadcrumbList","@id":"https:\/\/veto-bar-heiligenstadt.de\/#breadcrumb","itemListElement":[{"@type":"ListItem","position":1,"name":"Startseite","item":"https:\/\/veto-bar-heiligenstadt.de\/"},{"@type":"ListItem","position":2,"name":"Veto Bar"}]},{"@type":"WebSite","@id":"https:\/\/veto-bar-heiligenstadt.de\/#website","url":"https:\/\/veto-bar-heiligenstadt.de\/","name":"VETO BAR Heiligenstadt","description":"Unser neues Glanzst\u00fcck","publisher":{"@id":"https:\/\/veto-bar-heiligenstadt.de\/#\/schema\/person\/fef2bc7736109d582f9fabfebd1e6ce4"},"potentialAction":[{"@type":"SearchAction","target":{"@type":"EntryPoint","urlTemplate":"https:\/\/veto-bar-heiligenstadt.de\/?s={search_term_string}"},"query-input":"required name=search_term_string"}],"inLanguage":"de-DE"},{"@type":["Person","Organization"],"@id":"https:\/\/veto-bar-heiligenstadt.de\/#\/schema\/person\/fef2bc7736109d582f9fabfebd1e6ce4","name":"Verena","image":{"@type":"ImageObject","inLanguage":"de-DE","@id":"https:\/\/veto-bar-heiligenstadt.de\/#\/schema\/person\/image\/","url":"https:\/\/i0.wp.com\/veto-bar-heiligenstadt.de\/wp-content\/uploads\/2021\/02\/logo_veto_2-removebg-preview.png?fit=241%2C255&ssl=1","contentUrl":"https:\/\/i0.wp.com\/veto-bar-heiligenstadt.de\/wp-content\/uploads\/2021\/02\/logo_veto_2-removebg-preview.png?fit=241%2C255&ssl=1","width":241,"height":255,"caption":"Verena"},"logo":{"@id":"https:\/\/veto-bar-heiligenstadt.de\/#\/schema\/person\/image\/"},"sameAs":["http:\/\/veto-bar-heiligenstadt.de"]}]}},"_links":{"self":[{"href":"https:\/\/veto-bar-heiligenstadt.de\/index.php?rest_route=\/wp\/v2\/pages\/101"}],"collection":[{"href":"https:\/\/veto-bar-heiligenstadt.de\/index.php?rest_route=\/wp\/v2\/pages"}],"about":[{"href":"https:\/\/veto-bar-heiligenstadt.de\/index.php?rest_route=\/wp\/v2\/types\/page"}],"author":[{"embeddable":true,"href":"https:\/\/veto-bar-heiligenstadt.de\/index.php?rest_route=\/wp\/v2\/users\/1"}],"replies":[{"embeddable":true,"href":"https:\/\/veto-bar-heiligenstadt.de\/index.php?rest_route=%2Fwp%2Fv2%2Fcomments&post=101"}],"version-history":[{"count":5,"href":"https:\/\/veto-bar-heiligenstadt.de\/index.php?rest_route=\/wp\/v2\/pages\/101\/revisions"}],"predecessor-version":[{"id":154,"href":"https:\/\/veto-bar-heiligenstadt.de\/index.php?rest_route=\/wp\/v2\/pages\/101\/revisions\/154"}],"wp:featuredmedia":[{"embeddable":true,"href":"https:\/\/veto-bar-heiligenstadt.de\/index.php?rest_route=\/wp\/v2\/media\/69"}],"wp:attachment":[{"href":"https:\/\/veto-bar-heiligenstadt.de\/index.php?rest_route=%2Fwp%2Fv2%2Fmedia&parent=101"}],"curies":[{"name":"wp","href":"https:\/\/api.w.org\/{rel}","templated":true}]}}